{"id":10,"date":"2026-04-23T10:00:13","date_gmt":"2026-04-23T10:00:13","guid":{"rendered":"https:\/\/puchner.interfood.hu\/?page_id=10"},"modified":"2026-04-23T12:58:01","modified_gmt":"2026-04-23T12:58:01","slug":"fooldal","status":"publish","type":"page","link":"https:\/\/puchner.interfood.hu\/","title":{"rendered":"F\u0151oldal"},"content":{"rendered":"\t\t<div data-elementor-type=\"wp-page\" data-elementor-id=\"10\" class=\"elementor elementor-10\" data-elementor-post-type=\"page\">\n\t\t\t\t<div class=\"elementor-element elementor-element-f13cdf6 e-con-full elementor-hidden-tablet elementor-hidden-mobile e-flex e-con e-parent\" data-id=\"f13cdf6\" data-element_type=\"container\" data-e-type=\"container\" data-settings=\"{&quot;background_background&quot;:&quot;classic&quot;}\">\n\t\t\t\t<\/div>\n\t\t<div class=\"elementor-element elementor-element-ebec6dc e-con-full elementor-hidden-desktop e-flex e-con e-parent\" data-id=\"ebec6dc\" data-element_type=\"container\" data-e-type=\"container\" data-settings=\"{&quot;background_background&quot;:&quot;classic&quot;}\">\n\t\t\t\t<\/div>\n\t\t<div class=\"elementor-element elementor-element-fbaedc2 e-flex e-con-boxed e-con e-parent\" data-id=\"fbaedc2\" data-element_type=\"container\" data-e-type=\"container\">\n\t\t\t\t\t<div class=\"e-con-inner\">\n\t\t\t\t<div class=\"elementor-element elementor-element-0412423 elementor-widget elementor-widget-heading\" data-id=\"0412423\" data-element_type=\"widget\" data-e-type=\"widget\" data-widget_type=\"heading.default\">\n\t\t\t\t\t<h2 class=\"elementor-heading-title elementor-size-default\">P\u00fcnk\u00f6sdi pihen\u00e9s a csal\u00e1ddal!<\/h2>\t\t\t\t<\/div>\n\t\t\t\t<div class=\"elementor-element elementor-element-5f2c891 elementor-widget elementor-widget-text-editor\" data-id=\"5f2c891\" data-element_type=\"widget\" data-e-type=\"widget\" data-widget_type=\"text-editor.default\">\n\t\t\t\t\t\t\t\t\tRendeljen a<strong> 20. h\u00e9ten (2026. m\u00e1jus 11. \u2013 m\u00e1jus 15.)<\/strong>\nminimum <strong>15.000 Ft<\/strong> \u00e9rt\u00e9kben \u00e9s\nt\u00f6lts\u00f6n el egy felejthetetlen <strong>p\u00fcnk\u00f6sdi h\u00e9tv\u00e9g\u00e9t<\/strong>\n(m\u00e1jus 22-25) a csal\u00e1ddal\na bikali <strong>Puchner kast\u00e9lyban!<\/strong>\t\t\t\t\t\t\t\t<\/div>\n\t\t\t\t<div class=\"elementor-element elementor-element-52ec1b3 elementor-align-center elementor-widget elementor-widget-button\" data-id=\"52ec1b3\" data-element_type=\"widget\" data-e-type=\"widget\" data-widget_type=\"button.default\">\n\t\t\t\t\t\t\t\t\t\t<a class=\"elementor-button elementor-button-link elementor-size-sm\" href=\"https:\/\/puchner.interfood.hu\/wp-content\/uploads\/2026\/04\/Inter-Puchner-kastely-nyeremenyjatek_-SZABALYZAT_2026.04.23.pdf\">\n\t\t\t\t\t\t<span class=\"elementor-button-content-wrapper\">\n\t\t\t\t\t\t\t\t\t<span class=\"elementor-button-text\">J\u00e1t\u00e9kszab\u00e1lyzat<\/span>\n\t\t\t\t\t<\/span>\n\t\t\t\t\t<\/a>\n\t\t\t\t\t\t\t\t<\/div>\n\t\t\t\t<div class=\"elementor-element elementor-element-ada10c4 elementor-widget elementor-widget-heading\" data-id=\"ada10c4\" data-element_type=\"widget\" data-e-type=\"widget\" data-widget_type=\"heading.default\">\n\t\t\t\t\t<h2 class=\"elementor-heading-title elementor-size-default\">Renesz\u00e1nsz k\u00e9nyelem, zavartalan pihen\u00e9ssel<\/h2>\t\t\t\t<\/div>\n\t\t\t\t<div class=\"elementor-element elementor-element-5c8d208 elementor-widget elementor-widget-text-editor\" data-id=\"5c8d208\" data-element_type=\"widget\" data-e-type=\"widget\" data-widget_type=\"text-editor.default\">\n\t\t\t\t\t\t\t\t\t<p>XVIII. sz\u00e1zadi vid\u00e9ki Franciaorsz\u00e1got id\u00e9z\u0151 Udvarh\u00e1z szob\u00e1i<br \/>t\u00f6k\u00e9letes helysz\u00edn a romantikus pillanatok elt\u00f6lt\u00e9s\u00e9hez.<\/p><p><strong>Sz\u00e1ll\u00e1s r\u00e9szletei:<\/strong><br \/><strong>Udvarh\u00e1z la famille<\/strong> szint standard szoba<br \/>2 feln\u0151tt, 2 gyermek\u00a0<\/p>\t\t\t\t\t\t\t\t<\/div>\n\t\t\t\t<div class=\"elementor-element elementor-element-9cab49c elementor-align-center elementor-widget elementor-widget-button\" data-id=\"9cab49c\" data-element_type=\"widget\" data-e-type=\"widget\" data-widget_type=\"button.default\">\n\t\t\t\t\t\t\t\t\t\t<a class=\"elementor-button elementor-button-link elementor-size-sm\" href=\"https:\/\/rendel.interfood.hu\/\">\n\t\t\t\t\t\t<span class=\"elementor-button-content-wrapper\">\n\t\t\t\t\t\t\t\t\t<span class=\"elementor-button-text\">\u00c9tlap \u00e9s rendel\u00e9s<\/span>\n\t\t\t\t\t<\/span>\n\t\t\t\t\t<\/a>\n\t\t\t\t\t\t\t\t<\/div>\n\t\t\t\t\t<\/div>\n\t\t\t\t<\/div>\n\t\t<div class=\"elementor-element elementor-element-8c461a0 e-flex e-con-boxed e-con e-parent\" data-id=\"8c461a0\" data-element_type=\"container\" data-e-type=\"container\" data-settings=\"{&quot;background_background&quot;:&quot;classic&quot;}\">\n\t\t\t\t\t<div class=\"e-con-inner\">\n\t\t\t\t<div class=\"elementor-element elementor-element-d2757df elementor-widget elementor-widget-heading\" data-id=\"d2757df\" data-element_type=\"widget\" data-e-type=\"widget\" data-widget_type=\"heading.default\">\n\t\t\t\t\t<h2 class=\"elementor-heading-title elementor-size-default\">Sorsol\u00e1s: 2026. m\u00e1jus 18. 12:00<\/h2>\t\t\t\t<\/div>\n\t\t\t\t\t<\/div>\n\t\t\t\t<\/div>\n\t\t<div class=\"elementor-element elementor-element-d03d06a e-flex e-con-boxed e-con e-parent\" data-id=\"d03d06a\" data-element_type=\"container\" data-e-type=\"container\">\n\t\t\t\t\t<div class=\"e-con-inner\">\n\t\t<div class=\"elementor-element elementor-element-5d5e002 e-con-full e-flex e-con e-child\" data-id=\"5d5e002\" data-element_type=\"container\" data-e-type=\"container\">\n\t\t\t\t<div class=\"elementor-element elementor-element-3b9ceb2 elementor-widget elementor-widget-image\" data-id=\"3b9ceb2\" data-element_type=\"widget\" data-e-type=\"widget\" data-widget_type=\"image.default\">\n\t\t\t\t\t\t\t\t\t\t\t\t\t\t\t<img fetchpriority=\"high\" decoding=\"async\" width=\"800\" height=\"531\" src=\"https:\/\/puchner.interfood.hu\/wp-content\/uploads\/2026\/04\/puchner-kepek-udvarhaz-001.jpg\" class=\"attachment-large size-large wp-image-76\" alt=\"\" srcset=\"https:\/\/puchner.interfood.hu\/wp-content\/uploads\/2026\/04\/puchner-kepek-udvarhaz-001.jpg 1024w, https:\/\/puchner.interfood.hu\/wp-content\/uploads\/2026\/04\/puchner-kepek-udvarhaz-001-300x199.jpg 300w, https:\/\/puchner.interfood.hu\/wp-content\/uploads\/2026\/04\/puchner-kepek-udvarhaz-001-768x510.jpg 768w\" sizes=\"(max-width: 800px) 100vw, 800px\" \/>\t\t\t\t\t\t\t\t\t\t\t\t\t\t\t<\/div>\n\t\t\t\t<\/div>\n\t\t<div class=\"elementor-element elementor-element-f29744b e-con-full e-flex e-con e-child\" data-id=\"f29744b\" data-element_type=\"container\" data-e-type=\"container\">\n\t\t\t\t<div class=\"elementor-element elementor-element-df23622 elementor-widget elementor-widget-text-editor\" data-id=\"df23622\" data-element_type=\"widget\" data-e-type=\"widget\" data-widget_type=\"text-editor.default\">\n\t\t\t\t\t\t\t\t\t<p>Az \u00e9p\u00fclet egy <strong>korabeli fogad\u00f3t id\u00e9z<\/strong> a sz\u00e1z\u00e9ves fagerend\u00e1k, k\u0151 \u00e9s t\u00e9gla h\u00e1rmas\u00e1val. Magyarorsz\u00e1gon egyed\u00fcl\u00e1ll\u00f3 a szob\u00e1kban l\u00e1that\u00f3 gerend\u00e1s faszerkezet. A r\u00e9gi pajta\u00e9p\u00fclet fel\u00faj\u00edt\u00e1sa sor\u00e1n meghagytuk azokat az egyedi foltokat, amelyek minden szoba fal\u00e1n megcsod\u00e1lhat\u00f3ak.<\/p><p><strong>A XVIII. sz\u00e1zadi francia st\u00edlus\u00fa udvarh\u00e1z<\/strong> h\u00e1rom szintje k\u00fcl\u00f6n-k\u00fcl\u00f6n vil\u00e1got jelent \u2013 m\u00e1s-m\u00e1s elrendez\u00e9ssel, m\u00e9rettel \u00e9s hangulatvil\u00e1ggal tal\u00e1lkozhatnak: az als\u00f3 szint teraszos szob\u00e1i kiv\u00e1l\u00f3 romantikus b\u00fav\u00f3hely a p\u00e1rok sz\u00e1m\u00e1ra, a tet\u0151t\u00e9rben tal\u00e1lhat\u00f3 sarokk\u00e1ddal ell\u00e1tott szob\u00e1k a szerelmesek szigete, a gyerekkuck\u00f3val ell\u00e1tott szob\u00e1kat pedig kisgyermekes csal\u00e1doknak aj\u00e1nljuk.<\/p><p>A<strong> szob\u00e1k egyedi tervez\u00e9s\u0171 sz\u0151nyegei, indiai b\u00fatorai<\/strong> \u00e9s \u201ef\u00f6ldig \u00e9r\u0151\u201d ablakai is hozz\u00e1j\u00e1rulnak ahhoz, hogy az \u00e9p\u00fclet hangulat\u00e1t t\u00f6bb\u00e9 sosem felejti el a vend\u00e9g. Az als\u00f3 szintek szob\u00e1ihoz lugassal ben\u0151tt terasz tartozik, ahova ki\u00fclve <strong>romantikus hangulatban<\/strong> pihenhet\u00fcnk, de ezek a szob\u00e1k csal\u00e1dok sz\u00e1m\u00e1ra, illetve kuty\u00e1s vend\u00e9geinknek is ide\u00e1lis v\u00e1laszt\u00e1st jelenthetnek.<\/p>\t\t\t\t\t\t\t\t<\/div>\n\t\t\t\t<\/div>\n\t\t\t\t\t<\/div>\n\t\t\t\t<\/div>\n\t\t<div class=\"elementor-element elementor-element-76b24b2 e-flex e-con-boxed e-con e-parent\" data-id=\"76b24b2\" data-element_type=\"container\" data-e-type=\"container\">\n\t\t\t\t\t<div class=\"e-con-inner\">\n\t\t\t\t<div class=\"elementor-element elementor-element-6e907bb elementor-skin-carousel elementor-arrows-yes elementor-pagination-type-bullets elementor-pagination-position-outside elementor-widget elementor-widget-media-carousel\" data-id=\"6e907bb\" data-element_type=\"widget\" data-e-type=\"widget\" data-settings=\"{&quot;skin&quot;:&quot;carousel&quot;,&quot;effect&quot;:&quot;slide&quot;,&quot;show_arrows&quot;:&quot;yes&quot;,&quot;pagination&quot;:&quot;bullets&quot;,&quot;speed&quot;:500,&quot;autoplay&quot;:&quot;yes&quot;,&quot;autoplay_speed&quot;:5000,&quot;loop&quot;:&quot;yes&quot;,&quot;pause_on_hover&quot;:&quot;yes&quot;,&quot;pause_on_interaction&quot;:&quot;yes&quot;,&quot;space_between&quot;:{&quot;unit&quot;:&quot;px&quot;,&quot;size&quot;:10,&quot;sizes&quot;:[]},&quot;space_between_tablet&quot;:{&quot;unit&quot;:&quot;px&quot;,&quot;size&quot;:10,&quot;sizes&quot;:[]},&quot;space_between_mobile&quot;:{&quot;unit&quot;:&quot;px&quot;,&quot;size&quot;:10,&quot;sizes&quot;:[]}}\" data-widget_type=\"media-carousel.default\">\n\t\t\t\t\t\t\t\t\t\t<div class=\"elementor-main-swiper swiper\" role=\"region\" aria-roledescription=\"carousel\" aria-label=\"Slides\">\n\t\t\t\t<div class=\"swiper-wrapper\">\n\t\t\t\t\t\t\t\t\t\t\t<div class=\"swiper-slide\" role=\"group\" aria-roledescription=\"slide\">\n\t\t\t\t\t\t\t\t\t<div class=\"elementor-carousel-image\" role=\"img\" aria-label=\"puchner-kepek-udvarhaz-001\" style=\"background-image: url(&#039;https:\/\/puchner.interfood.hu\/wp-content\/uploads\/2026\/04\/puchner-kepek-udvarhaz-001.jpg&#039;)\">\n\n\t\t\t\n\t\t\t\t\t<\/div>\n\t\t\t\t\t\t\t\t<\/div>\n\t\t\t\t\t\t\t\t\t\t\t<div class=\"swiper-slide\" role=\"group\" aria-roledescription=\"slide\">\n\t\t\t\t\t\t\t\t\t<div class=\"elementor-carousel-image\" role=\"img\" aria-label=\"kastely_kivulrol-puchner_kastelyszallo-13\" style=\"background-image: url(&#039;https:\/\/puchner.interfood.hu\/wp-content\/uploads\/2026\/04\/kastely_kivulrol-puchner_kastelyszallo-13.jpg&#039;)\">\n\n\t\t\t\n\t\t\t\t\t<\/div>\n\t\t\t\t\t\t\t\t<\/div>\n\t\t\t\t\t\t\t\t\t\t\t<div class=\"swiper-slide\" role=\"group\" aria-roledescription=\"slide\">\n\t\t\t\t\t\t\t\t\t<div class=\"elementor-carousel-image\" role=\"img\" aria-label=\"puchner-udvarhaz-superior-lakosztaly-05\" style=\"background-image: url(&#039;https:\/\/puchner.interfood.hu\/wp-content\/uploads\/2026\/04\/puchner-udvarhaz-superior-lakosztaly-05.jpg&#039;)\">\n\n\t\t\t\n\t\t\t\t\t<\/div>\n\t\t\t\t\t\t\t\t<\/div>\n\t\t\t\t\t\t\t\t\t\t\t<div class=\"swiper-slide\" role=\"group\" aria-roledescription=\"slide\">\n\t\t\t\t\t\t\t\t\t<div class=\"elementor-carousel-image\" role=\"img\" aria-label=\"puchner-udvarhaz-standard-szoba-lamour-szint-01\" style=\"background-image: url(&#039;https:\/\/puchner.interfood.hu\/wp-content\/uploads\/2026\/04\/puchner-udvarhaz-standard-szoba-lamour-szint-01.jpg&#039;)\">\n\n\t\t\t\n\t\t\t\t\t<\/div>\n\t\t\t\t\t\t\t\t<\/div>\n\t\t\t\t\t\t\t\t\t\t\t<div class=\"swiper-slide\" role=\"group\" aria-roledescription=\"slide\">\n\t\t\t\t\t\t\t\t\t<div class=\"elementor-carousel-image\" role=\"img\" aria-label=\"puchner-udvarhaz-standard-szoba-lamour-szint-02\" style=\"background-image: url(&#039;https:\/\/puchner.interfood.hu\/wp-content\/uploads\/2026\/04\/puchner-udvarhaz-standard-szoba-lamour-szint-02.jpg&#039;)\">\n\n\t\t\t\n\t\t\t\t\t<\/div>\n\t\t\t\t\t\t\t\t<\/div>\n\t\t\t\t\t\t\t\t\t<\/div>\n\t\t\t\t\t\t\t\t\t\t\t\t\t\t\t<div class=\"elementor-swiper-button elementor-swiper-button-prev\" role=\"button\" tabindex=\"0\" aria-label=\"Previous\">\n\t\t\t\t\t\t\t<svg aria-hidden=\"true\" class=\"e-font-icon-svg e-eicon-chevron-left\" viewBox=\"0 0 1000 1000\" xmlns=\"http:\/\/www.w3.org\/2000\/svg\"><path d=\"M646 125C629 125 613 133 604 142L308 442C296 454 292 471 292 487 292 504 296 521 308 533L604 854C617 867 629 875 646 875 663 875 679 871 692 858 704 846 713 829 713 812 713 796 708 779 692 767L438 487 692 225C700 217 708 204 708 187 708 171 704 154 692 142 675 129 663 125 646 125Z\"><\/path><\/svg>\t\t\t\t\t\t<\/div>\n\t\t\t\t\t\t<div class=\"elementor-swiper-button elementor-swiper-button-next\" role=\"button\" tabindex=\"0\" aria-label=\"Next\">\n\t\t\t\t\t\t\t<svg aria-hidden=\"true\" class=\"e-font-icon-svg e-eicon-chevron-right\" viewBox=\"0 0 1000 1000\" xmlns=\"http:\/\/www.w3.org\/2000\/svg\"><path d=\"M696 533C708 521 713 504 713 487 713 471 708 454 696 446L400 146C388 133 375 125 354 125 338 125 325 129 313 142 300 154 292 171 292 187 292 204 296 221 308 233L563 492 304 771C292 783 288 800 288 817 288 833 296 850 308 863 321 871 338 875 354 875 371 875 388 867 400 854L696 533Z\"><\/path><\/svg>\t\t\t\t\t\t<\/div>\n\t\t\t\t\t\t\t\t\t\t\t\t\t\t\t\t<div class=\"swiper-pagination\"><\/div>\n\t\t\t\t\t\t\t\t\t\t\t\t<\/div>\n\t\t\t\t\t\t\t\t<\/div>\n\t\t\t\t\t<\/div>\n\t\t\t\t<\/div>\n\t\t\t\t<\/div>\n\t\t","protected":false},"excerpt":{"rendered":"<p>P\u00fcnk\u00f6sdi pihen\u00e9s a csal\u00e1ddal! Rendeljen a 20. h\u00e9ten (2026. m\u00e1jus 11. \u2013 m\u00e1jus 15.) minimum 15.000 Ft \u00e9rt\u00e9kben \u00e9s t\u00f6lts\u00f6n el egy felejthetetlen p\u00fcnk\u00f6sdi h\u00e9tv\u00e9g\u00e9t (m\u00e1jus 22-25) a csal\u00e1ddal a bikali Puchner kast\u00e9lyban! J\u00e1t\u00e9kszab\u00e1lyzat Renesz\u00e1nsz k\u00e9nyelem, zavartalan pihen\u00e9ssel XVIII. sz\u00e1zadi vid\u00e9ki Franciaorsz\u00e1got id\u00e9z\u0151 Udvarh\u00e1z szob\u00e1it\u00f6k\u00e9letes helysz\u00edn a romantikus pillanatok elt\u00f6lt\u00e9s\u00e9hez. Sz\u00e1ll\u00e1s r\u00e9szletei:Udvarh\u00e1z la famille szint [&hellip;]<\/p>\n","protected":false},"author":1,"featured_media":0,"parent":0,"menu_order":0,"comment_status":"closed","ping_status":"closed","template":"","meta":{"footnotes":""},"class_list":["post-10","page","type-page","status-publish","hentry"],"_links":{"self":[{"href":"https:\/\/puchner.interfood.hu\/index.php?rest_route=\/wp\/v2\/pages\/10","targetHints":{"allow":["GET"]}}],"collection":[{"href":"https:\/\/puchner.interfood.hu\/index.php?rest_route=\/wp\/v2\/pages"}],"about":[{"href":"https:\/\/puchner.interfood.hu\/index.php?rest_route=\/wp\/v2\/types\/page"}],"author":[{"embeddable":true,"href":"https:\/\/puchner.interfood.hu\/index.php?rest_route=\/wp\/v2\/users\/1"}],"replies":[{"embeddable":true,"href":"https:\/\/puchner.interfood.hu\/index.php?rest_route=%2Fwp%2Fv2%2Fcomments&post=10"}],"version-history":[{"count":82,"href":"https:\/\/puchner.interfood.hu\/index.php?rest_route=\/wp\/v2\/pages\/10\/revisions"}],"predecessor-version":[{"id":144,"href":"https:\/\/puchner.interfood.hu\/index.php?rest_route=\/wp\/v2\/pages\/10\/revisions\/144"}],"wp:attachment":[{"href":"https:\/\/puchner.interfood.hu\/index.php?rest_route=%2Fwp%2Fv2%2Fmedia&parent=10"}],"curies":[{"name":"wp","href":"https:\/\/api.w.org\/{rel}","templated":true}]}}